{"id":95,"date":"2026-02-17T14:11:54","date_gmt":"2026-02-17T14:11:54","guid":{"rendered":"https:\/\/wanta.hr\/?page_id=95"},"modified":"2026-03-17T14:47:06","modified_gmt":"2026-03-17T14:47:06","slug":"o-nama","status":"publish","type":"page","link":"https:\/\/wanta.hr\/?page_id=95","title":{"rendered":"O Nama"},"content":{"rendered":"\n<div class=\"wp-block-group alignfull wp-block-section  wp-block-hero-content is-layout-flow wp-block-group-is-layout-flow\">\n<div class=\"wp-block-group is-layout-flow wp-block-group-is-layout-flow\">\n<div class=\"wp-block-group is-layout-constrained wp-block-group-is-layout-constrained\">\n<div class=\"wp-block-media-text alignwide is-stacked-on-mobile\" style=\"grid-template-columns:40% auto\"><figure class=\"wp-block-media-text__media\"><img loading=\"lazy\" decoding=\"async\" width=\"712\" height=\"1024\" src=\"https:\/\/wanta.hr\/wp-content\/uploads\/2026\/02\/bcgrdn-712x1024.jpeg\" alt=\"\" class=\"wp-image-18 size-full\" srcset=\"https:\/\/wanta.hr\/wp-content\/uploads\/2026\/02\/bcgrdn-712x1024.jpeg 712w, https:\/\/wanta.hr\/wp-content\/uploads\/2026\/02\/bcgrdn-209x300.jpeg 209w, https:\/\/wanta.hr\/wp-content\/uploads\/2026\/02\/bcgrdn-768x1105.jpeg 768w, https:\/\/wanta.hr\/wp-content\/uploads\/2026\/02\/bcgrdn-1068x1536.jpeg 1068w, https:\/\/wanta.hr\/wp-content\/uploads\/2026\/02\/bcgrdn.jpeg 1424w\" sizes=\"auto, (max-width: 712px) 100vw, 712px\" \/><\/figure><div class=\"wp-block-media-text__content\">\n<div class=\"wp-block-group wp-block-group-heading is-layout-flow wp-container-core-group-is-layout-dc10bc65 wp-block-group-is-layout-flow\">\n<h6 class=\"wp-block-heading has-text-align-left has-body-text-color has-text-color has-medium-font-size\" style=\"font-style:normal;font-weight:600;line-height:1.8;text-transform:uppercase\">o nama<\/h6>\n\n\n\n<h2 class=\"wp-block-heading has-text-align-left\">agencija za izradu sadr\u017eaja i sudjelovanje u kreativnim procesima.<\/h2>\n<\/div>\n\n\n\n<p class=\"has-text-align-left\">Na\u0161 tim obrazovani su dizajneri iza kojih stoje projekti u raznim dizajnerskim poljima.<br>Hrvoje i Lucia stoje iza WANTA ideje da Splitu pru\u017ee vi\u0161e od marketinga.<br>Na\u0161e obrazovanje u podru\u010dju produkt dizajna, dizajna interijera i modnog dizajna donosi nam nove poglede na svaki projekt koji radimo, kreativno promi\u0161ljanje i na\u0161a estetika uz dobar marketing donosi rezultate.<\/p>\n\n\n\n<p class=\"has-text-align-left\"><br>Sadr\u017eaj je svuda oko nas, svi konzumiramo digitalne medije ali rijetko tko zapravo stvara sadr\u017eaj. Na\u0161a je misija da svakog klijenta prika\u017eemo kao unikatnog i pru\u017eimo mu potpuno personaliziranu podr\u0161ku- u tome je \u010dar rada s malim timom.<\/p>\n\n\n\n<p class=\"has-text-align-left\"><\/p>\n\n\n\n<div class=\"wp-block-buttons is-content-justification-left is-layout-flex wp-container-core-buttons-is-layout-fc4fd283 wp-block-buttons-is-layout-flex\">\n<div class=\"wp-block-button\"><a class=\"wp-block-button__link wp-element-button\" href=\"https:\/\/wanta.hr\/?page_id=97\">Kontaktiraj nas!<\/a><\/div>\n<\/div>\n<\/div><\/div>\n<\/div>\n<\/div>\n<\/div>\n\n\n\n<p><\/p>\n","protected":false},"excerpt":{"rendered":"<p>o nama agencija za izradu sadr\u017eaja i sudjelovanje u kreativnim procesima. Na\u0161 tim obrazovani su dizajneri iza kojih stoje projekti u raznim dizajnerskim poljima.Hrvoje i Lucia stoje iza WANTA ideje da Splitu pru\u017ee vi\u0161e od marketinga.Na\u0161e obrazovanje u podru\u010dju produkt dizajna, dizajna interijera i modnog dizajna donosi nam nove poglede na svaki projekt koji radimo, [&hellip;]<\/p>\n","protected":false},"author":1,"featured_media":0,"parent":0,"menu_order":0,"comment_status":"closed","ping_status":"closed","template":"","meta":{"footnotes":""},"class_list":["post-95","page","type-page","status-publish","hentry"],"_links":{"self":[{"href":"https:\/\/wanta.hr\/index.php?rest_route=\/wp\/v2\/pages\/95","targetHints":{"allow":["GET"]}}],"collection":[{"href":"https:\/\/wanta.hr\/index.php?rest_route=\/wp\/v2\/pages"}],"about":[{"href":"https:\/\/wanta.hr\/index.php?rest_route=\/wp\/v2\/types\/page"}],"author":[{"embeddable":true,"href":"https:\/\/wanta.hr\/index.php?rest_route=\/wp\/v2\/users\/1"}],"replies":[{"embeddable":true,"href":"https:\/\/wanta.hr\/index.php?rest_route=%2Fwp%2Fv2%2Fcomments&post=95"}],"version-history":[{"count":14,"href":"https:\/\/wanta.hr\/index.php?rest_route=\/wp\/v2\/pages\/95\/revisions"}],"predecessor-version":[{"id":276,"href":"https:\/\/wanta.hr\/index.php?rest_route=\/wp\/v2\/pages\/95\/revisions\/276"}],"wp:attachment":[{"href":"https:\/\/wanta.hr\/index.php?rest_route=%2Fwp%2Fv2%2Fmedia&parent=95"}],"curies":[{"name":"wp","href":"https:\/\/api.w.org\/{rel}","templated":true}]}}